{"id":10,"date":"2024-04-23T09:11:06","date_gmt":"2024-04-23T12:11:06","guid":{"rendered":"https:\/\/hbdine.com.br\/hamid-dbine\/?page_id=10"},"modified":"2025-08-22T17:04:09","modified_gmt":"2025-08-22T20:04:09","slug":"home","status":"publish","type":"page","link":"https:\/\/hbdine.com.br\/en\/","title":{"rendered":"Home"},"content":{"rendered":"","protected":false},"excerpt":{"rendered":"","protected":false},"author":1,"featured_media":31,"parent":0,"menu_order":0,"comment_status":"closed","ping_status":"closed","template":"","meta":{"_acf_changed":false,"footnotes":""},"class_list":["post-10","page","type-page","status-publish","has-post-thumbnail","hentry"],"acf":[],"yoast_head":"<!-- This site is optimized with the Yoast SEO plugin v26.8 - https:\/\/yoast.com\/product\/yoast-seo-wordpress\/ -->\n<title>Hamid Bdine Advogados<\/title>\n<meta name=\"description\" content=\"Hamid Bdine \u00e9 advogado, Doutor e Mestre em Direito Civil pela Pontif\u00edcia Universidade Cat\u00f3lica de S\u00e3o Paulo, graduado pela Faculdade de Direito da Universidade de S\u00e3o Paulo.\" \/>\n<meta name=\"robots\" content=\"index, follow, max-snippet:-1, max-image-preview:large, max-video-preview:-1\" \/>\n<link rel=\"canonical\" href=\"https:\/\/hbdine.com.br\/en\/\" \/>\n<meta property=\"og:locale\" content=\"en_US\" \/>\n<meta property=\"og:type\" content=\"article\" \/>\n<meta property=\"og:title\" content=\"Hamid Bdine Advogados\" \/>\n<meta property=\"og:description\" content=\"Hamid Bdine \u00e9 advogado, Doutor e Mestre em Direito Civil pela Pontif\u00edcia Universidade Cat\u00f3lica de S\u00e3o Paulo, graduado pela Faculdade de Direito da Universidade de S\u00e3o Paulo.\" \/>\n<meta property=\"og:url\" content=\"https:\/\/hbdine.com.br\/en\/\" \/>\n<meta property=\"og:site_name\" content=\"Hamid Bdine Advogados\" \/>\n<meta property=\"article:modified_time\" content=\"2025-08-22T20:04:09+00:00\" \/>\n<meta property=\"og:image\" content=\"https:\/\/hbdine.com.br\/wp-content\/uploads\/2024\/04\/bg-home-header.webp\" \/>\n\t<meta property=\"og:image:width\" content=\"1921\" \/>\n\t<meta property=\"og:image:height\" content=\"707\" \/>\n\t<meta property=\"og:image:type\" content=\"image\/webp\" \/>\n<meta name=\"twitter:card\" content=\"summary_large_image\" \/>\n<meta name=\"twitter:label1\" content=\"Est. reading time\" \/>\n\t<meta name=\"twitter:data1\" content=\"3 minutes\" \/>\n<script type=\"application\/ld+json\" class=\"yoast-schema-graph\">{\"@context\":\"https:\/\/schema.org\",\"@graph\":[{\"@type\":\"WebPage\",\"@id\":\"https:\/\/hbdine.com.br\/\",\"url\":\"https:\/\/hbdine.com.br\/\",\"name\":\"Hamid Bdine Advogados\",\"isPartOf\":{\"@id\":\"https:\/\/hbdine.com.br\/#website\"},\"primaryImageOfPage\":{\"@id\":\"https:\/\/hbdine.com.br\/#primaryimage\"},\"image\":{\"@id\":\"https:\/\/hbdine.com.br\/#primaryimage\"},\"thumbnailUrl\":\"https:\/\/hbdine.com.br\/wp-content\/uploads\/2024\/04\/bg-home-header.webp\",\"datePublished\":\"2024-04-23T12:11:06+00:00\",\"dateModified\":\"2025-08-22T20:04:09+00:00\",\"description\":\"Hamid Bdine \u00e9 advogado, Doutor e Mestre em Direito Civil pela Pontif\u00edcia Universidade Cat\u00f3lica de S\u00e3o Paulo, graduado pela Faculdade de Direito da Universidade de S\u00e3o Paulo.\",\"breadcrumb\":{\"@id\":\"https:\/\/hbdine.com.br\/#breadcrumb\"},\"inLanguage\":\"en-US\",\"potentialAction\":[{\"@type\":\"ReadAction\",\"target\":[\"https:\/\/hbdine.com.br\/\"]}]},{\"@type\":\"ImageObject\",\"inLanguage\":\"en-US\",\"@id\":\"https:\/\/hbdine.com.br\/#primaryimage\",\"url\":\"https:\/\/hbdine.com.br\/wp-content\/uploads\/2024\/04\/bg-home-header.webp\",\"contentUrl\":\"https:\/\/hbdine.com.br\/wp-content\/uploads\/2024\/04\/bg-home-header.webp\",\"width\":1921,\"height\":707},{\"@type\":\"BreadcrumbList\",\"@id\":\"https:\/\/hbdine.com.br\/#breadcrumb\",\"itemListElement\":[{\"@type\":\"ListItem\",\"position\":1,\"name\":\"In\u00edcio\",\"item\":\"https:\/\/hbdine.com.br\/\"},{\"@type\":\"ListItem\",\"position\":2,\"name\":\"Home\"}]},{\"@type\":\"WebSite\",\"@id\":\"https:\/\/hbdine.com.br\/#website\",\"url\":\"https:\/\/hbdine.com.br\/\",\"name\":\"Hamid Bdine - Advogados\",\"description\":\"\",\"publisher\":{\"@id\":\"https:\/\/hbdine.com.br\/#organization\"},\"alternateName\":\"Hamid Bdine - Advogados\",\"potentialAction\":[{\"@type\":\"SearchAction\",\"target\":{\"@type\":\"EntryPoint\",\"urlTemplate\":\"https:\/\/hbdine.com.br\/?s={search_term_string}\"},\"query-input\":{\"@type\":\"PropertyValueSpecification\",\"valueRequired\":true,\"valueName\":\"search_term_string\"}}],\"inLanguage\":\"en-US\"},{\"@type\":\"Organization\",\"@id\":\"https:\/\/hbdine.com.br\/#organization\",\"name\":\"Hamid Bdine - Advogados\",\"url\":\"https:\/\/hbdine.com.br\/\",\"logo\":{\"@type\":\"ImageObject\",\"inLanguage\":\"en-US\",\"@id\":\"https:\/\/hbdine.com.br\/#\/schema\/logo\/image\/\",\"url\":\"https:\/\/hbdine.com.br\/wp-content\/uploads\/2024\/04\/logo-fotter.webp\",\"contentUrl\":\"https:\/\/hbdine.com.br\/wp-content\/uploads\/2024\/04\/logo-fotter.webp\",\"width\":256,\"height\":61,\"caption\":\"Hamid Bdine - Advogados\"},\"image\":{\"@id\":\"https:\/\/hbdine.com.br\/#\/schema\/logo\/image\/\"},\"sameAs\":[\"https:\/\/www.linkedin.com\/company\/hamid-bdine-advogados\/\"]}]}<\/script>\n<!-- \/ Yoast SEO plugin. -->","yoast_head_json":{"title":"Hamid Bdine Advogados","description":"Hamid Bdine is a lawyer, Doctor and Master of civil law from the Pontifical Catholic University of S\u00e3o Paulo, and has a Bachelor\u2019s Degree in law from the University of S\u00e3o Paulo.","robots":{"index":"index","follow":"follow","max-snippet":"max-snippet:-1","max-image-preview":"max-image-preview:large","max-video-preview":"max-video-preview:-1"},"canonical":"https:\/\/hbdine.com.br\/en\/","og_locale":"en_US","og_type":"article","og_title":"Hamid Bdine Advogados","og_description":"Hamid Bdine \u00e9 advogado, Doutor e Mestre em Direito Civil pela Pontif\u00edcia Universidade Cat\u00f3lica de S\u00e3o Paulo, graduado pela Faculdade de Direito da Universidade de S\u00e3o Paulo.","og_url":"https:\/\/hbdine.com.br\/en\/","og_site_name":"Hamid Bdine Advogados","article_modified_time":"2025-08-22T20:04:09+00:00","og_image":[{"width":1921,"height":707,"url":"https:\/\/hbdine.com.br\/wp-content\/uploads\/2024\/04\/bg-home-header.webp","type":"image\/webp"}],"twitter_card":"summary_large_image","twitter_misc":{"Est. reading time":"3 minutes"},"schema":{"@context":"https:\/\/schema.org","@graph":[{"@type":"WebPage","@id":"https:\/\/hbdine.com.br\/","url":"https:\/\/hbdine.com.br\/","name":"Hamid Bdine Advogados","isPartOf":{"@id":"https:\/\/hbdine.com.br\/#website"},"primaryImageOfPage":{"@id":"https:\/\/hbdine.com.br\/#primaryimage"},"image":{"@id":"https:\/\/hbdine.com.br\/#primaryimage"},"thumbnailUrl":"https:\/\/hbdine.com.br\/wp-content\/uploads\/2024\/04\/bg-home-header.webp","datePublished":"2024-04-23T12:11:06+00:00","dateModified":"2025-08-22T20:04:09+00:00","description":"Hamid Bdine is a lawyer, Doctor and Master of civil law from the Pontifical Catholic University of S\u00e3o Paulo, and has a Bachelor\u2019s Degree in law from the University of S\u00e3o Paulo.","breadcrumb":{"@id":"https:\/\/hbdine.com.br\/#breadcrumb"},"inLanguage":"en-US","potentialAction":[{"@type":"ReadAction","target":["https:\/\/hbdine.com.br\/"]}]},{"@type":"ImageObject","inLanguage":"en-US","@id":"https:\/\/hbdine.com.br\/#primaryimage","url":"https:\/\/hbdine.com.br\/wp-content\/uploads\/2024\/04\/bg-home-header.webp","contentUrl":"https:\/\/hbdine.com.br\/wp-content\/uploads\/2024\/04\/bg-home-header.webp","width":1921,"height":707},{"@type":"BreadcrumbList","@id":"https:\/\/hbdine.com.br\/#breadcrumb","itemListElement":[{"@type":"ListItem","position":1,"name":"In\u00edcio","item":"https:\/\/hbdine.com.br\/"},{"@type":"ListItem","position":2,"name":"Home"}]},{"@type":"WebSite","@id":"https:\/\/hbdine.com.br\/#website","url":"https:\/\/hbdine.com.br\/","name":"Hamid Bdine - Advogados","description":"","publisher":{"@id":"https:\/\/hbdine.com.br\/#organization"},"alternateName":"Hamid Bdine - Advogados","potentialAction":[{"@type":"SearchAction","target":{"@type":"EntryPoint","urlTemplate":"https:\/\/hbdine.com.br\/?s={search_term_string}"},"query-input":{"@type":"PropertyValueSpecification","valueRequired":true,"valueName":"search_term_string"}}],"inLanguage":"en-US"},{"@type":"Organization","@id":"https:\/\/hbdine.com.br\/#organization","name":"Hamid Bdine - Advogados","url":"https:\/\/hbdine.com.br\/","logo":{"@type":"ImageObject","inLanguage":"en-US","@id":"https:\/\/hbdine.com.br\/#\/schema\/logo\/image\/","url":"https:\/\/hbdine.com.br\/wp-content\/uploads\/2024\/04\/logo-fotter.webp","contentUrl":"https:\/\/hbdine.com.br\/wp-content\/uploads\/2024\/04\/logo-fotter.webp","width":256,"height":61,"caption":"Hamid Bdine - Advogados"},"image":{"@id":"https:\/\/hbdine.com.br\/#\/schema\/logo\/image\/"},"sameAs":["https:\/\/www.linkedin.com\/company\/hamid-bdine-advogados\/"]}]}},"_links":{"self":[{"href":"https:\/\/hbdine.com.br\/en\/wp-json\/wp\/v2\/pages\/10","targetHints":{"allow":["GET"]}}],"collection":[{"href":"https:\/\/hbdine.com.br\/en\/wp-json\/wp\/v2\/pages"}],"about":[{"href":"https:\/\/hbdine.com.br\/en\/wp-json\/wp\/v2\/types\/page"}],"author":[{"embeddable":true,"href":"https:\/\/hbdine.com.br\/en\/wp-json\/wp\/v2\/users\/1"}],"replies":[{"embeddable":true,"href":"https:\/\/hbdine.com.br\/en\/wp-json\/wp\/v2\/comments?post=10"}],"version-history":[{"count":1,"href":"https:\/\/hbdine.com.br\/en\/wp-json\/wp\/v2\/pages\/10\/revisions"}],"predecessor-version":[{"id":11,"href":"https:\/\/hbdine.com.br\/en\/wp-json\/wp\/v2\/pages\/10\/revisions\/11"}],"wp:featuredmedia":[{"embeddable":true,"href":"https:\/\/hbdine.com.br\/en\/wp-json\/wp\/v2\/media\/31"}],"wp:attachment":[{"href":"https:\/\/hbdine.com.br\/en\/wp-json\/wp\/v2\/media?parent=10"}],"curies":[{"name":"wp","href":"https:\/\/api.w.org\/{rel}","templated":true}]}}